{"id":8507,"date":"2021-11-08T16:48:24","date_gmt":"2021-11-08T15:48:24","guid":{"rendered":"https:\/\/clubdesmediateurs.fr\/cadre-juridique-de-la-mediation\/"},"modified":"2021-11-08T16:48:25","modified_gmt":"2021-11-08T15:48:25","slug":"cadre-juridique-de-la-mediation","status":"publish","type":"page","link":"https:\/\/clubdesmediateurs.fr\/en\/cadre-juridique-de-la-mediation\/","title":{"rendered":"Cadre juridique de la m\u00e9diation"},"content":{"rendered":"\n<figure class=\"wp-block-image size-large\"><img loading=\"lazy\" decoding=\"async\" width=\"799\" height=\"402\" src=\"https:\/\/clubdesmediateurs.fr\/wp-content\/uploads\/2020\/05\/Mediation-illustration.jpg\" alt=\"\" class=\"wp-image-7454\" srcset=\"https:\/\/clubdesmediateurs.fr\/wp-content\/uploads\/2020\/05\/Mediation-illustration.jpg 799w, https:\/\/clubdesmediateurs.fr\/wp-content\/uploads\/2020\/05\/Mediation-illustration-300x151.jpg 300w, https:\/\/clubdesmediateurs.fr\/wp-content\/uploads\/2020\/05\/Mediation-illustration-768x386.jpg 768w, https:\/\/clubdesmediateurs.fr\/wp-content\/uploads\/2020\/05\/Mediation-illustration-268x135.jpg 268w, https:\/\/clubdesmediateurs.fr\/wp-content\/uploads\/2020\/05\/Mediation-illustration-116x58.jpg 116w, https:\/\/clubdesmediateurs.fr\/wp-content\/uploads\/2020\/05\/Mediation-illustration-228x115.jpg 228w, https:\/\/clubdesmediateurs.fr\/wp-content\/uploads\/2020\/05\/Mediation-illustration-50x25.jpg 50w\" sizes=\"(max-width: 799px) 100vw, 799px\" \/><\/figure>\n\n<p>Le Club des M\u00e9diateurs de Service au Public vous pr\u00e9sente le cadre juridique qui r\u00e9gi la m\u00e9diation. Nous mettons ainsi \u00e0 votre disposition plusieurs documents.<\/p>\n\n<div class=\"wp-block-group\"><div class=\"wp-block-group__inner-container is-layout-flow wp-block-group-is-layout-flow\">\n<ul class=\"wp-block-list\"><li><a href=\"https:\/\/clubdesmediateurs.fr\/wp-content\/uploads\/2020\/02\/Les-textes-fondateurs-de-la-mediation-1.pdf\">Les textes fondateurs de la M\u00e9diation<\/a><\/li><\/ul>\n<\/div><\/div>\n\n<ul class=\"wp-block-list\"><li><a href=\"https:\/\/clubdesmediateurs.fr\/wp-content\/uploads\/2020\/02\/Les-dispositions-relatives-a-la-mediation-de-la-consommation-1.pdf\">L&#8217;ensemble des textes sp\u00e9cifiques \u00e0 la m\u00e9diation de la consommation<\/a><\/li><\/ul>\n\n<p>-&gt; <a href=\"https:\/\/clubdesmediateurs.fr\/wp-content\/uploads\/2020\/03\/code-de-la-consommation-mediation-10-04-2017.pdf\">Focus sur les textes du code de la Consommation<\/a><\/p>\n\n<ul class=\"wp-block-list\"><li><a href=\"https:\/\/clubdesmediateurs.fr\/wp-content\/uploads\/2020\/02\/Les-textes-relatifs-a-la-Mediation-Administrative.pdf\">L&#8217;ensemble des dispositions relatives \u00e0 la m\u00e9diation administrative <\/a><\/li><\/ul>\n\n<p><a href=\"https:\/\/clubdesmediateurs.fr\/wp-content\/uploads\/2020\/05\/Loi-du-27-decembre-2019-Article-81-6-Mediateur-territorial.pdf\">-&gt; Focus sur le m\u00e9diateur des collectivit\u00e9s territoriales issu de la loi Delattre<\/a><\/p>\n\n<ul class=\"wp-block-list\"><li><a href=\"https:\/\/clubdesmediateurs.fr\/wp-content\/uploads\/2020\/05\/tableau-Mediateurs-institutionnels-cadres-juridiques-complete-MNE.pdf\">Les textes relatifs \u00e0 la m\u00e9diation institutionnelle <\/a><\/li><\/ul>\n\n<ul class=\"wp-block-list\"><li><a href=\"https:\/\/clubdesmediateurs.fr\/wp-content\/uploads\/2020\/05\/Mediateurs-internes-2020.pdf\">Les textes relatifs \u00e0 la m\u00e9diation interne<\/a><\/li><\/ul>\n\n<p><a href=\"https:\/\/clubdesmediateurs.fr\/wp-content\/uploads\/2020\/05\/Le-cadre-juridique-du-mediateur-national-et-des-mediateurs-regionaux-ou-interregionaux-pour-les-personnels-des-etablissements-publics-de-sante.docx\">-&gt; Focus sur le cadre de la m\u00e9diation pour les personnels des \u00e9tablissements publics de sant\u00e9, sociaux et m\u00e9dico-sociaux qui se d\u00e9cline en 3 textes <\/a><\/p>\n\n<p><\/p>\n","protected":false},"excerpt":{"rendered":"<p>Le Club des M\u00e9diateurs de Service au Public vous pr\u00e9sente le cadre juridique qui r\u00e9gi la m\u00e9diation. Nous mettons ainsi \u00e0 votre disposition plusieurs documents. Les textes fondateurs de la M\u00e9diation L&#8217;ensemble des textes sp\u00e9cifiques \u00e0 la m\u00e9diation de la[&#8230;..]<\/p>\n","protected":false},"author":22,"featured_media":7455,"parent":0,"menu_order":0,"comment_status":"closed","ping_status":"closed","template":"","meta":{"footnotes":""},"class_list":["post-8507","page","type-page","status-publish","has-post-thumbnail","hentry"],"yoast_head":"<!-- This site is optimized with the Yoast SEO plugin v24.9 - https:\/\/yoast.com\/wordpress\/plugins\/seo\/ -->\n<title>Cadre juridique de la m\u00e9diation - Club of Public services Mediators<\/title>\n<meta name=\"robots\" content=\"index, follow, max-snippet:-1, max-image-preview:large, max-video-preview:-1\" \/>\n<link rel=\"canonical\" href=\"https:\/\/clubdesmediateurs.fr\/en\/cadre-juridique-de-la-mediation\/\" \/>\n<meta property=\"og:locale\" content=\"en_US\" \/>\n<meta property=\"og:type\" content=\"article\" \/>\n<meta property=\"og:title\" content=\"Cadre juridique de la m\u00e9diation - Club of Public services Mediators\" \/>\n<meta property=\"og:description\" content=\"Le Club des M\u00e9diateurs de Service au Public vous pr\u00e9sente le cadre juridique qui r\u00e9gi la m\u00e9diation. Nous mettons ainsi \u00e0 votre disposition plusieurs documents. Les textes fondateurs de la M\u00e9diation L&#8217;ensemble des textes sp\u00e9cifiques \u00e0 la m\u00e9diation de la[.....]\" \/>\n<meta property=\"og:url\" content=\"https:\/\/clubdesmediateurs.fr\/en\/cadre-juridique-de-la-mediation\/\" \/>\n<meta property=\"og:site_name\" content=\"Club of Public services Mediators\" \/>\n<meta property=\"article:modified_time\" content=\"2021-11-08T15:48:25+00:00\" \/>\n<meta property=\"og:image\" content=\"https:\/\/clubdesmediateurs.fr\/wp-content\/uploads\/2020\/05\/Mediation-illustration.jpg\" \/>\n\t<meta property=\"og:image:width\" content=\"799\" \/>\n\t<meta property=\"og:image:height\" content=\"402\" \/>\n\t<meta property=\"og:image:type\" content=\"image\/jpeg\" \/>\n<meta name=\"twitter:card\" content=\"summary_large_image\" \/>\n<meta name=\"twitter:label1\" content=\"Est. reading time\" \/>\n\t<meta name=\"twitter:data1\" content=\"1 minute\" \/>\n<script type=\"application\/ld+json\" class=\"yoast-schema-graph\">{\"@context\":\"https:\/\/schema.org\",\"@graph\":[{\"@type\":\"WebPage\",\"@id\":\"https:\/\/clubdesmediateurs.fr\/en\/cadre-juridique-de-la-mediation\/\",\"url\":\"https:\/\/clubdesmediateurs.fr\/en\/cadre-juridique-de-la-mediation\/\",\"name\":\"Cadre juridique de la m\u00e9diation - Club of Public services Mediators\",\"isPartOf\":{\"@id\":\"https:\/\/clubdesmediateurs.fr\/en\/#website\"},\"primaryImageOfPage\":{\"@id\":\"https:\/\/clubdesmediateurs.fr\/en\/cadre-juridique-de-la-mediation\/#primaryimage\"},\"image\":{\"@id\":\"https:\/\/clubdesmediateurs.fr\/en\/cadre-juridique-de-la-mediation\/#primaryimage\"},\"thumbnailUrl\":\"https:\/\/clubdesmediateurs.fr\/wp-content\/uploads\/2020\/05\/Mediation-illustration.jpg\",\"datePublished\":\"2021-11-08T15:48:24+00:00\",\"dateModified\":\"2021-11-08T15:48:25+00:00\",\"breadcrumb\":{\"@id\":\"https:\/\/clubdesmediateurs.fr\/en\/cadre-juridique-de-la-mediation\/#breadcrumb\"},\"inLanguage\":\"en-US\",\"potentialAction\":[{\"@type\":\"ReadAction\",\"target\":[\"https:\/\/clubdesmediateurs.fr\/en\/cadre-juridique-de-la-mediation\/\"]}]},{\"@type\":\"ImageObject\",\"inLanguage\":\"en-US\",\"@id\":\"https:\/\/clubdesmediateurs.fr\/en\/cadre-juridique-de-la-mediation\/#primaryimage\",\"url\":\"https:\/\/clubdesmediateurs.fr\/wp-content\/uploads\/2020\/05\/Mediation-illustration.jpg\",\"contentUrl\":\"https:\/\/clubdesmediateurs.fr\/wp-content\/uploads\/2020\/05\/Mediation-illustration.jpg\",\"width\":799,\"height\":402},{\"@type\":\"BreadcrumbList\",\"@id\":\"https:\/\/clubdesmediateurs.fr\/en\/cadre-juridique-de-la-mediation\/#breadcrumb\",\"itemListElement\":[{\"@type\":\"ListItem\",\"position\":1,\"name\":\"Home\",\"item\":\"https:\/\/clubdesmediateurs.fr\/en\/\"},{\"@type\":\"ListItem\",\"position\":2,\"name\":\"Cadre juridique de la m\u00e9diation\"}]},{\"@type\":\"WebSite\",\"@id\":\"https:\/\/clubdesmediateurs.fr\/en\/#website\",\"url\":\"https:\/\/clubdesmediateurs.fr\/en\/\",\"name\":\"Club of Public services Mediators\",\"description\":\"The portal of the mediation at your service\",\"potentialAction\":[{\"@type\":\"SearchAction\",\"target\":{\"@type\":\"EntryPoint\",\"urlTemplate\":\"https:\/\/clubdesmediateurs.fr\/en\/?s={search_term_string}\"},\"query-input\":{\"@type\":\"PropertyValueSpecification\",\"valueRequired\":true,\"valueName\":\"search_term_string\"}}],\"inLanguage\":\"en-US\"}]}<\/script>\n<!-- \/ Yoast SEO plugin. -->","yoast_head_json":{"title":"Cadre juridique de la m\u00e9diation - Club of Public services Mediators","robots":{"index":"index","follow":"follow","max-snippet":"max-snippet:-1","max-image-preview":"max-image-preview:large","max-video-preview":"max-video-preview:-1"},"canonical":"https:\/\/clubdesmediateurs.fr\/en\/cadre-juridique-de-la-mediation\/","og_locale":"en_US","og_type":"article","og_title":"Cadre juridique de la m\u00e9diation - Club of Public services Mediators","og_description":"Le Club des M\u00e9diateurs de Service au Public vous pr\u00e9sente le cadre juridique qui r\u00e9gi la m\u00e9diation. Nous mettons ainsi \u00e0 votre disposition plusieurs documents. Les textes fondateurs de la M\u00e9diation L&#8217;ensemble des textes sp\u00e9cifiques \u00e0 la m\u00e9diation de la[.....]","og_url":"https:\/\/clubdesmediateurs.fr\/en\/cadre-juridique-de-la-mediation\/","og_site_name":"Club of Public services Mediators","article_modified_time":"2021-11-08T15:48:25+00:00","og_image":[{"width":799,"height":402,"url":"https:\/\/clubdesmediateurs.fr\/wp-content\/uploads\/2020\/05\/Mediation-illustration.jpg","type":"image\/jpeg"}],"twitter_card":"summary_large_image","twitter_misc":{"Est. reading time":"1 minute"},"schema":{"@context":"https:\/\/schema.org","@graph":[{"@type":"WebPage","@id":"https:\/\/clubdesmediateurs.fr\/en\/cadre-juridique-de-la-mediation\/","url":"https:\/\/clubdesmediateurs.fr\/en\/cadre-juridique-de-la-mediation\/","name":"Cadre juridique de la m\u00e9diation - Club of Public services Mediators","isPartOf":{"@id":"https:\/\/clubdesmediateurs.fr\/en\/#website"},"primaryImageOfPage":{"@id":"https:\/\/clubdesmediateurs.fr\/en\/cadre-juridique-de-la-mediation\/#primaryimage"},"image":{"@id":"https:\/\/clubdesmediateurs.fr\/en\/cadre-juridique-de-la-mediation\/#primaryimage"},"thumbnailUrl":"https:\/\/clubdesmediateurs.fr\/wp-content\/uploads\/2020\/05\/Mediation-illustration.jpg","datePublished":"2021-11-08T15:48:24+00:00","dateModified":"2021-11-08T15:48:25+00:00","breadcrumb":{"@id":"https:\/\/clubdesmediateurs.fr\/en\/cadre-juridique-de-la-mediation\/#breadcrumb"},"inLanguage":"en-US","potentialAction":[{"@type":"ReadAction","target":["https:\/\/clubdesmediateurs.fr\/en\/cadre-juridique-de-la-mediation\/"]}]},{"@type":"ImageObject","inLanguage":"en-US","@id":"https:\/\/clubdesmediateurs.fr\/en\/cadre-juridique-de-la-mediation\/#primaryimage","url":"https:\/\/clubdesmediateurs.fr\/wp-content\/uploads\/2020\/05\/Mediation-illustration.jpg","contentUrl":"https:\/\/clubdesmediateurs.fr\/wp-content\/uploads\/2020\/05\/Mediation-illustration.jpg","width":799,"height":402},{"@type":"BreadcrumbList","@id":"https:\/\/clubdesmediateurs.fr\/en\/cadre-juridique-de-la-mediation\/#breadcrumb","itemListElement":[{"@type":"ListItem","position":1,"name":"Home","item":"https:\/\/clubdesmediateurs.fr\/en\/"},{"@type":"ListItem","position":2,"name":"Cadre juridique de la m\u00e9diation"}]},{"@type":"WebSite","@id":"https:\/\/clubdesmediateurs.fr\/en\/#website","url":"https:\/\/clubdesmediateurs.fr\/en\/","name":"Club of Public services Mediators","description":"The portal of the mediation at your service","potentialAction":[{"@type":"SearchAction","target":{"@type":"EntryPoint","urlTemplate":"https:\/\/clubdesmediateurs.fr\/en\/?s={search_term_string}"},"query-input":{"@type":"PropertyValueSpecification","valueRequired":true,"valueName":"search_term_string"}}],"inLanguage":"en-US"}]}},"_links":{"self":[{"href":"https:\/\/clubdesmediateurs.fr\/en\/wp-json\/wp\/v2\/pages\/8507"}],"collection":[{"href":"https:\/\/clubdesmediateurs.fr\/en\/wp-json\/wp\/v2\/pages"}],"about":[{"href":"https:\/\/clubdesmediateurs.fr\/en\/wp-json\/wp\/v2\/types\/page"}],"author":[{"embeddable":true,"href":"https:\/\/clubdesmediateurs.fr\/en\/wp-json\/wp\/v2\/users\/22"}],"replies":[{"embeddable":true,"href":"https:\/\/clubdesmediateurs.fr\/en\/wp-json\/wp\/v2\/comments?post=8507"}],"version-history":[{"count":0,"href":"https:\/\/clubdesmediateurs.fr\/en\/wp-json\/wp\/v2\/pages\/8507\/revisions"}],"wp:featuredmedia":[{"embeddable":true,"href":"https:\/\/clubdesmediateurs.fr\/en\/wp-json\/wp\/v2\/media\/7455"}],"wp:attachment":[{"href":"https:\/\/clubdesmediateurs.fr\/en\/wp-json\/wp\/v2\/media?parent=8507"}],"curies":[{"name":"wp","href":"https:\/\/api.w.org\/{rel}","templated":true}]}}